{"id":223,"date":"2020-05-06T09:43:48","date_gmt":"2020-05-06T09:43:48","guid":{"rendered":"http:\/\/tci-apartments.ms.decms.eu\/?page_id=223"},"modified":"2021-12-08T09:46:52","modified_gmt":"2021-12-08T09:46:52","slug":"apartamentele-noastre","status":"publish","type":"page","link":"https:\/\/www.tciapartments.ro\/ro\/apartamentele-noastre\/","title":{"rendered":"Apartamentele noastre"},"content":{"rendered":"<p>Dup\u0103 o zi agitat\u0103 \u00een ora\u0219, apartamenetele noastre complet utilate v\u0103 \u00eent\u00e2mpin\u0103 cu<strong> confortul, confiden\u021bialitatea \u0219i relaxarea<\/strong> de care ave\u0163i nevoie. TCI Apartments (Aparthotel) are treizeci de apartamente elegante, cu unul sau dou\u0103 dormitoare, o camer\u0103 de zi, buc\u0103t\u0103rie \u0219i balcon \/ teras\u0103, repartizate pe \u0219ase etaje. <strong>Un concept cu cinci teme: muzical\u0103, industrial\u0103, marin\u0103, clasic\u0103 \u0219i botanic\u0103<\/strong>. Apartamentele sunt echipate cu smart TV \u015fi canale prin cablu \u00een living \u015fi dormitoare. Wi-Fi este disponibil gratuit. Unele apartamente au o vedere frumoas\u0103 asupra \u00eemprejurimilor. Toate au buc\u0103t\u0103rii complet echipate cu facilit\u0103\u021bi de preparare a ceaiului \/ cafelei, plit\u0103 \u0219i cuptor electric, frigider \u0219i ma\u0219in\u0103 de sp\u0103lat vase. Oferim prosoape, lenjerii de pat \u0219i articole de toalet\u0103 gratuite.<\/p>\n","protected":false},"excerpt":{"rendered":"<p>Dup\u0103 o zi agitat\u0103 \u00een ora\u0219, apartamenetele noastre complet utilate v\u0103 \u00eent\u00e2mpin\u0103 cu confortul, confiden\u021bialitatea \u0219i relaxarea de care ave\u0163i nevoie. TCI Apartments (Aparthotel) are treizeci de apartamente elegante, cu unul sau dou\u0103 dormitoare, o camer\u0103 de zi, buc\u0103t\u0103rie \u0219i balcon \/ teras\u0103, repartizate pe \u0219ase etaje. Un concept cu cinci teme: muzical\u0103, industrial\u0103, marin\u0103, [&hellip;]<\/p>\n","protected":false},"author":36,"featured_media":0,"parent":0,"menu_order":5,"comment_status":"closed","ping_status":"closed","template":"template-rooms.php","meta":{"footnotes":""},"class_list":["post-223","page","type-page","status-publish","hentry"],"yoast_head":"<!-- This site is optimized with the Yoast SEO plugin v26.9 - https:\/\/yoast.com\/product\/yoast-seo-wordpress\/ -->\n<title>Apartamentele noastre - Tci Apartments<\/title>\n<meta name=\"description\" content=\"Aparthotel, apartamente in regim hotelier, unul sau doua dormitoare, acces usor in centru, mall si aeroport; garaj subteran, self check-in, acceptam tichete de vacanta\" \/>\n<meta name=\"robots\" content=\"index, follow, max-snippet:-1, max-image-preview:large, max-video-preview:-1\" \/>\n<link rel=\"canonical\" href=\"https:\/\/www.tciapartments.ro\/ro\/apartamentele-noastre\/\" \/>\n<meta property=\"og:locale\" content=\"ro_RO\" \/>\n<meta property=\"og:type\" content=\"article\" \/>\n<meta property=\"og:title\" content=\"Apartamentele noastre - Tci Apartments\" \/>\n<meta property=\"og:description\" content=\"Aparthotel, apartamente in regim hotelier, unul sau doua dormitoare, acces usor in centru, mall si aeroport; garaj subteran, self check-in, acceptam tichete de vacanta\" \/>\n<meta property=\"og:url\" content=\"https:\/\/www.tciapartments.ro\/ro\/apartamentele-noastre\/\" \/>\n<meta property=\"og:site_name\" content=\"Tci Apartments\" \/>\n<meta property=\"article:modified_time\" content=\"2021-12-08T09:46:52+00:00\" \/>\n<meta name=\"twitter:card\" content=\"summary_large_image\" \/>\n<meta name=\"twitter:label1\" content=\"Timp estimat pentru citire\" \/>\n\t<meta name=\"twitter:data1\" content=\"1 minut\" \/>\n<script type=\"application\/ld+json\" class=\"yoast-schema-graph\">{\"@context\":\"https:\/\/schema.org\",\"@graph\":[{\"@type\":\"WebPage\",\"@id\":\"https:\/\/www.tciapartments.ro\/ro\/apartamentele-noastre\/\",\"url\":\"https:\/\/www.tciapartments.ro\/ro\/apartamentele-noastre\/\",\"name\":\"Apartamentele noastre - Tci Apartments\",\"isPartOf\":{\"@id\":\"https:\/\/www.tciapartments.ro\/ro\/#website\"},\"datePublished\":\"2020-05-06T09:43:48+00:00\",\"dateModified\":\"2021-12-08T09:46:52+00:00\",\"description\":\"Aparthotel, apartamente in regim hotelier, unul sau doua dormitoare, acces usor in centru, mall si aeroport; garaj subteran, self check-in, acceptam tichete de vacanta\",\"breadcrumb\":{\"@id\":\"https:\/\/www.tciapartments.ro\/ro\/apartamentele-noastre\/#breadcrumb\"},\"inLanguage\":\"ro-RO\",\"potentialAction\":[{\"@type\":\"ReadAction\",\"target\":[\"https:\/\/www.tciapartments.ro\/ro\/apartamentele-noastre\/\"]}]},{\"@type\":\"BreadcrumbList\",\"@id\":\"https:\/\/www.tciapartments.ro\/ro\/apartamentele-noastre\/#breadcrumb\",\"itemListElement\":[{\"@type\":\"ListItem\",\"position\":1,\"name\":\"Home\",\"item\":\"https:\/\/www.tciapartments.ro\/ro\/\"},{\"@type\":\"ListItem\",\"position\":2,\"name\":\"Apartamentele noastre\"}]},{\"@type\":\"WebSite\",\"@id\":\"https:\/\/www.tciapartments.ro\/ro\/#website\",\"url\":\"https:\/\/www.tciapartments.ro\/ro\/\",\"name\":\"Tci Apartments\",\"description\":\"Just another ms.decms.eu site\",\"potentialAction\":[{\"@type\":\"SearchAction\",\"target\":{\"@type\":\"EntryPoint\",\"urlTemplate\":\"https:\/\/www.tciapartments.ro\/ro\/?s={search_term_string}\"},\"query-input\":{\"@type\":\"PropertyValueSpecification\",\"valueRequired\":true,\"valueName\":\"search_term_string\"}}],\"inLanguage\":\"ro-RO\"}]}<\/script>\n<!-- \/ Yoast SEO plugin. -->","yoast_head_json":{"title":"Apartamentele noastre - Tci Apartments","description":"Aparthotel, apartamente in regim hotelier, unul sau doua dormitoare, acces usor in centru, mall si aeroport; garaj subteran, self check-in, acceptam tichete de vacanta","robots":{"index":"index","follow":"follow","max-snippet":"max-snippet:-1","max-image-preview":"max-image-preview:large","max-video-preview":"max-video-preview:-1"},"canonical":"https:\/\/www.tciapartments.ro\/ro\/apartamentele-noastre\/","og_locale":"ro_RO","og_type":"article","og_title":"Apartamentele noastre - Tci Apartments","og_description":"Aparthotel, apartamente in regim hotelier, unul sau doua dormitoare, acces usor in centru, mall si aeroport; garaj subteran, self check-in, acceptam tichete de vacanta","og_url":"https:\/\/www.tciapartments.ro\/ro\/apartamentele-noastre\/","og_site_name":"Tci Apartments","article_modified_time":"2021-12-08T09:46:52+00:00","twitter_card":"summary_large_image","twitter_misc":{"Timp estimat pentru citire":"1 minut"},"schema":{"@context":"https:\/\/schema.org","@graph":[{"@type":"WebPage","@id":"https:\/\/www.tciapartments.ro\/ro\/apartamentele-noastre\/","url":"https:\/\/www.tciapartments.ro\/ro\/apartamentele-noastre\/","name":"Apartamentele noastre - Tci Apartments","isPartOf":{"@id":"https:\/\/www.tciapartments.ro\/ro\/#website"},"datePublished":"2020-05-06T09:43:48+00:00","dateModified":"2021-12-08T09:46:52+00:00","description":"Aparthotel, apartamente in regim hotelier, unul sau doua dormitoare, acces usor in centru, mall si aeroport; garaj subteran, self check-in, acceptam tichete de vacanta","breadcrumb":{"@id":"https:\/\/www.tciapartments.ro\/ro\/apartamentele-noastre\/#breadcrumb"},"inLanguage":"ro-RO","potentialAction":[{"@type":"ReadAction","target":["https:\/\/www.tciapartments.ro\/ro\/apartamentele-noastre\/"]}]},{"@type":"BreadcrumbList","@id":"https:\/\/www.tciapartments.ro\/ro\/apartamentele-noastre\/#breadcrumb","itemListElement":[{"@type":"ListItem","position":1,"name":"Home","item":"https:\/\/www.tciapartments.ro\/ro\/"},{"@type":"ListItem","position":2,"name":"Apartamentele noastre"}]},{"@type":"WebSite","@id":"https:\/\/www.tciapartments.ro\/ro\/#website","url":"https:\/\/www.tciapartments.ro\/ro\/","name":"Tci Apartments","description":"Just another ms.decms.eu site","potentialAction":[{"@type":"SearchAction","target":{"@type":"EntryPoint","urlTemplate":"https:\/\/www.tciapartments.ro\/ro\/?s={search_term_string}"},"query-input":{"@type":"PropertyValueSpecification","valueRequired":true,"valueName":"search_term_string"}}],"inLanguage":"ro-RO"}]}},"acf":[],"_links":{"self":[{"href":"https:\/\/www.tciapartments.ro\/ro\/wp-json\/wp\/v2\/pages\/223","targetHints":{"allow":["GET"]}}],"collection":[{"href":"https:\/\/www.tciapartments.ro\/ro\/wp-json\/wp\/v2\/pages"}],"about":[{"href":"https:\/\/www.tciapartments.ro\/ro\/wp-json\/wp\/v2\/types\/page"}],"author":[{"embeddable":true,"href":"https:\/\/www.tciapartments.ro\/ro\/wp-json\/wp\/v2\/users\/36"}],"replies":[{"embeddable":true,"href":"https:\/\/www.tciapartments.ro\/ro\/wp-json\/wp\/v2\/comments?post=223"}],"version-history":[{"count":0,"href":"https:\/\/www.tciapartments.ro\/ro\/wp-json\/wp\/v2\/pages\/223\/revisions"}],"wp:attachment":[{"href":"https:\/\/www.tciapartments.ro\/ro\/wp-json\/wp\/v2\/media?parent=223"}],"curies":[{"name":"wp","href":"https:\/\/api.w.org\/{rel}","templated":true}]}}