{"id":224,"date":"2020-05-06T09:48:04","date_gmt":"2020-05-06T09:48:04","guid":{"rendered":"http:\/\/tci-apartments.ms.decms.eu\/?page_id=224"},"modified":"2020-05-11T08:14:18","modified_gmt":"2020-05-11T08:14:18","slug":"musical-apartment-cu-2-dormitoare","status":"publish","type":"page","link":"https:\/\/www.tciapartments.ro\/ro\/apartamentele-noastre\/musical-apartment-cu-2-dormitoare\/","title":{"rendered":"Musical, apartment cu 2 dormitoare"},"content":{"rendered":"<p>Acest apartament are o <strong>tem\u0103 muzical\u0103<\/strong>. Este un apartament vesel, \u00een care s-a folosit un joc de <strong>culori pl\u0103cute<\/strong>, <strong>galben<\/strong>, <strong>roz \u015fi gri<\/strong>.<\/p>\n<p>Dormitorul mic este intim, cu birou, pat dublu, dulap si TV. Acest tip de apartament este dotat cu aer condi\u021bionat \u0219i podea din lemn, iar in bucatarie si hol gresie. Spa\u0163iul pus la dispozi\u0163ie precum \u0219i facilit\u0103\u021bile acestui apartament sunt moderne \u015fi v\u0103 asigur\u0103 un sejur perfect, chiar dac\u0103 v\u0103 afla\u021bi \u00een timpul liber sau \u00een c\u0103l\u0103torie de afaceri.<\/p>\n<p>Dormitorul principal are un <strong>pat queen-size<\/strong>, cu birou, dulap si Smart-TV, baia este cu du\u0219 \u0219i usc\u0103tor de p\u0103r. <strong>Livingul are o canapea extensibila<\/strong>, o masuta de cafea, telefon, Smart-TV cu canale prin cablu. De asemenea, apartamentele ofer\u0103 papuci pentru confortul dumneavoastr\u0103. Buc\u0103t\u0103ria este complet utilat\u0103 cu vesel\u0103, vase, filtru de cafea, plita si cuptor electric, frigider \u0219i ma\u0219in\u0103 de sp\u0103lat vase. Conexiunea la internet wireless este disponibil\u0103 \u00een apartament.<\/p>\n","protected":false},"excerpt":{"rendered":"<p>Acest apartament are o tem\u0103 muzical\u0103. Este un apartament vesel, \u00een care s-a folosit un joc de culori pl\u0103cute, galben, roz \u015fi gri. Dormitorul mic este intim, cu birou, pat dublu, dulap si TV. Acest tip de apartament este dotat cu aer condi\u021bionat \u0219i podea din lemn, iar in bucatarie si hol gresie. Spa\u0163iul pus [&hellip;]<\/p>\n","protected":false},"author":36,"featured_media":0,"parent":223,"menu_order":5,"comment_status":"closed","ping_status":"closed","template":"template-single-room.php","meta":{"footnotes":""},"class_list":["post-224","page","type-page","status-publish","hentry"],"yoast_head":"<!-- This site is optimized with the Yoast SEO plugin v26.9 - https:\/\/yoast.com\/product\/yoast-seo-wordpress\/ -->\n<title>Musical, apartment cu 2 dormitoare - Tci Apartments<\/title>\n<meta name=\"robots\" content=\"index, follow, max-snippet:-1, max-image-preview:large, max-video-preview:-1\" \/>\n<link rel=\"canonical\" href=\"https:\/\/www.tciapartments.ro\/ro\/apartamentele-noastre\/musical-apartment-cu-2-dormitoare\/\" \/>\n<meta property=\"og:locale\" content=\"ro_RO\" \/>\n<meta property=\"og:type\" content=\"article\" \/>\n<meta property=\"og:title\" content=\"Musical, apartment cu 2 dormitoare - Tci Apartments\" \/>\n<meta property=\"og:description\" content=\"Acest apartament are o tem\u0103 muzical\u0103. Este un apartament vesel, \u00een care s-a folosit un joc de culori pl\u0103cute, galben, roz \u015fi gri. Dormitorul mic este intim, cu birou, pat dublu, dulap si TV. Acest tip de apartament este dotat cu aer condi\u021bionat \u0219i podea din lemn, iar in bucatarie si hol gresie. Spa\u0163iul pus [&hellip;]\" \/>\n<meta property=\"og:url\" content=\"https:\/\/www.tciapartments.ro\/ro\/apartamentele-noastre\/musical-apartment-cu-2-dormitoare\/\" \/>\n<meta property=\"og:site_name\" content=\"Tci Apartments\" \/>\n<meta property=\"article:modified_time\" content=\"2020-05-11T08:14:18+00:00\" \/>\n<meta name=\"twitter:card\" content=\"summary_large_image\" \/>\n<meta name=\"twitter:label1\" content=\"Timp estimat pentru citire\" \/>\n\t<meta name=\"twitter:data1\" content=\"1 minut\" \/>\n<script type=\"application\/ld+json\" class=\"yoast-schema-graph\">{\"@context\":\"https:\/\/schema.org\",\"@graph\":[{\"@type\":\"WebPage\",\"@id\":\"https:\/\/www.tciapartments.ro\/ro\/apartamentele-noastre\/musical-apartment-cu-2-dormitoare\/\",\"url\":\"https:\/\/www.tciapartments.ro\/ro\/apartamentele-noastre\/musical-apartment-cu-2-dormitoare\/\",\"name\":\"Musical, apartment cu 2 dormitoare - Tci Apartments\",\"isPartOf\":{\"@id\":\"https:\/\/www.tciapartments.ro\/ro\/#website\"},\"datePublished\":\"2020-05-06T09:48:04+00:00\",\"dateModified\":\"2020-05-11T08:14:18+00:00\",\"breadcrumb\":{\"@id\":\"https:\/\/www.tciapartments.ro\/ro\/apartamentele-noastre\/musical-apartment-cu-2-dormitoare\/#breadcrumb\"},\"inLanguage\":\"ro-RO\",\"potentialAction\":[{\"@type\":\"ReadAction\",\"target\":[\"https:\/\/www.tciapartments.ro\/ro\/apartamentele-noastre\/musical-apartment-cu-2-dormitoare\/\"]}]},{\"@type\":\"BreadcrumbList\",\"@id\":\"https:\/\/www.tciapartments.ro\/ro\/apartamentele-noastre\/musical-apartment-cu-2-dormitoare\/#breadcrumb\",\"itemListElement\":[{\"@type\":\"ListItem\",\"position\":1,\"name\":\"Home\",\"item\":\"https:\/\/www.tciapartments.ro\/ro\/\"},{\"@type\":\"ListItem\",\"position\":2,\"name\":\"Apartamentele noastre\",\"item\":\"https:\/\/www.tciapartments.ro\/ro\/apartamentele-noastre\/\"},{\"@type\":\"ListItem\",\"position\":3,\"name\":\"Musical, apartment cu 2 dormitoare\"}]},{\"@type\":\"WebSite\",\"@id\":\"https:\/\/www.tciapartments.ro\/ro\/#website\",\"url\":\"https:\/\/www.tciapartments.ro\/ro\/\",\"name\":\"Tci Apartments\",\"description\":\"Just another ms.decms.eu site\",\"potentialAction\":[{\"@type\":\"SearchAction\",\"target\":{\"@type\":\"EntryPoint\",\"urlTemplate\":\"https:\/\/www.tciapartments.ro\/ro\/?s={search_term_string}\"},\"query-input\":{\"@type\":\"PropertyValueSpecification\",\"valueRequired\":true,\"valueName\":\"search_term_string\"}}],\"inLanguage\":\"ro-RO\"}]}<\/script>\n<!-- \/ Yoast SEO plugin. -->","yoast_head_json":{"title":"Musical, apartment cu 2 dormitoare - Tci Apartments","robots":{"index":"index","follow":"follow","max-snippet":"max-snippet:-1","max-image-preview":"max-image-preview:large","max-video-preview":"max-video-preview:-1"},"canonical":"https:\/\/www.tciapartments.ro\/ro\/apartamentele-noastre\/musical-apartment-cu-2-dormitoare\/","og_locale":"ro_RO","og_type":"article","og_title":"Musical, apartment cu 2 dormitoare - Tci Apartments","og_description":"Acest apartament are o tem\u0103 muzical\u0103. Este un apartament vesel, \u00een care s-a folosit un joc de culori pl\u0103cute, galben, roz \u015fi gri. Dormitorul mic este intim, cu birou, pat dublu, dulap si TV. Acest tip de apartament este dotat cu aer condi\u021bionat \u0219i podea din lemn, iar in bucatarie si hol gresie. Spa\u0163iul pus [&hellip;]","og_url":"https:\/\/www.tciapartments.ro\/ro\/apartamentele-noastre\/musical-apartment-cu-2-dormitoare\/","og_site_name":"Tci Apartments","article_modified_time":"2020-05-11T08:14:18+00:00","twitter_card":"summary_large_image","twitter_misc":{"Timp estimat pentru citire":"1 minut"},"schema":{"@context":"https:\/\/schema.org","@graph":[{"@type":"WebPage","@id":"https:\/\/www.tciapartments.ro\/ro\/apartamentele-noastre\/musical-apartment-cu-2-dormitoare\/","url":"https:\/\/www.tciapartments.ro\/ro\/apartamentele-noastre\/musical-apartment-cu-2-dormitoare\/","name":"Musical, apartment cu 2 dormitoare - Tci Apartments","isPartOf":{"@id":"https:\/\/www.tciapartments.ro\/ro\/#website"},"datePublished":"2020-05-06T09:48:04+00:00","dateModified":"2020-05-11T08:14:18+00:00","breadcrumb":{"@id":"https:\/\/www.tciapartments.ro\/ro\/apartamentele-noastre\/musical-apartment-cu-2-dormitoare\/#breadcrumb"},"inLanguage":"ro-RO","potentialAction":[{"@type":"ReadAction","target":["https:\/\/www.tciapartments.ro\/ro\/apartamentele-noastre\/musical-apartment-cu-2-dormitoare\/"]}]},{"@type":"BreadcrumbList","@id":"https:\/\/www.tciapartments.ro\/ro\/apartamentele-noastre\/musical-apartment-cu-2-dormitoare\/#breadcrumb","itemListElement":[{"@type":"ListItem","position":1,"name":"Home","item":"https:\/\/www.tciapartments.ro\/ro\/"},{"@type":"ListItem","position":2,"name":"Apartamentele noastre","item":"https:\/\/www.tciapartments.ro\/ro\/apartamentele-noastre\/"},{"@type":"ListItem","position":3,"name":"Musical, apartment cu 2 dormitoare"}]},{"@type":"WebSite","@id":"https:\/\/www.tciapartments.ro\/ro\/#website","url":"https:\/\/www.tciapartments.ro\/ro\/","name":"Tci Apartments","description":"Just another ms.decms.eu site","potentialAction":[{"@type":"SearchAction","target":{"@type":"EntryPoint","urlTemplate":"https:\/\/www.tciapartments.ro\/ro\/?s={search_term_string}"},"query-input":{"@type":"PropertyValueSpecification","valueRequired":true,"valueName":"search_term_string"}}],"inLanguage":"ro-RO"}]}},"acf":[],"_links":{"self":[{"href":"https:\/\/www.tciapartments.ro\/ro\/wp-json\/wp\/v2\/pages\/224","targetHints":{"allow":["GET"]}}],"collection":[{"href":"https:\/\/www.tciapartments.ro\/ro\/wp-json\/wp\/v2\/pages"}],"about":[{"href":"https:\/\/www.tciapartments.ro\/ro\/wp-json\/wp\/v2\/types\/page"}],"author":[{"embeddable":true,"href":"https:\/\/www.tciapartments.ro\/ro\/wp-json\/wp\/v2\/users\/36"}],"replies":[{"embeddable":true,"href":"https:\/\/www.tciapartments.ro\/ro\/wp-json\/wp\/v2\/comments?post=224"}],"version-history":[{"count":0,"href":"https:\/\/www.tciapartments.ro\/ro\/wp-json\/wp\/v2\/pages\/224\/revisions"}],"up":[{"embeddable":true,"href":"https:\/\/www.tciapartments.ro\/ro\/wp-json\/wp\/v2\/pages\/223"}],"wp:attachment":[{"href":"https:\/\/www.tciapartments.ro\/ro\/wp-json\/wp\/v2\/media?parent=224"}],"curies":[{"name":"wp","href":"https:\/\/api.w.org\/{rel}","templated":true}]}}