{"id":225,"date":"2020-05-06T09:51:24","date_gmt":"2020-05-06T09:51:24","guid":{"rendered":"http:\/\/tci-apartments.ms.decms.eu\/?page_id=225"},"modified":"2020-05-11T08:16:00","modified_gmt":"2020-05-11T08:16:00","slug":"industrial-apartament-cu-un-dormitor","status":"publish","type":"page","link":"https:\/\/www.tciapartments.ro\/ro\/apartamentele-noastre\/industrial-apartament-cu-un-dormitor\/","title":{"rendered":"Industrial, apartament cu un dormitor"},"content":{"rendered":"<p>Acest apartament \u00eembin\u0103 <strong>atractivitatea industrial\u0103<\/strong> cu un <strong>design modern neted<\/strong>. Culorile folosite deriv\u0103 din paleta materiei prime folosite, \u00eentr-un mod subtil precum c\u0103r\u0103mida expus\u0103, betonul neted finisat, lemnul \u00een combinatie cu fier.<\/p>\n<p>\u00cen dormitor se afl\u0103 un <strong>pat de dimensiuni king<\/strong>, un dulap, un birou \u0219i un Smart TV. Camera de zi are <strong>balcon<\/strong>, <strong>o canapea extensibil\u0103 mare verde \u00eenchis<\/strong>, o mas\u0103 de cafea, telefon \u0219i Smart TV cu canale prin cablu.<\/p>\n<p>Buc\u0103t\u0103ria este complet utilat\u0103 cu vesel\u0103, vase, filtru de cafea, plita si cuptor electric, frigider \u0219i ma\u0219in\u0103 de sp\u0103lat. Baia are du\u0219 si uscator de p\u0103r. \u00cen apartament sunt prev\u0103zute articole de toalet\u0103, lenjerie \u0219i prosoape. Conexiunea la internet wireless este disponibil\u0103 \u00een apartament.<\/p>\n","protected":false},"excerpt":{"rendered":"<p>Acest apartament \u00eembin\u0103 atractivitatea industrial\u0103 cu un design modern neted. Culorile folosite deriv\u0103 din paleta materiei prime folosite, \u00eentr-un mod subtil precum c\u0103r\u0103mida expus\u0103, betonul neted finisat, lemnul \u00een combinatie cu fier. \u00cen dormitor se afl\u0103 un pat de dimensiuni king, un dulap, un birou \u0219i un Smart TV. Camera de zi are balcon, o [&hellip;]<\/p>\n","protected":false},"author":36,"featured_media":0,"parent":223,"menu_order":10,"comment_status":"closed","ping_status":"closed","template":"template-single-room.php","meta":{"footnotes":""},"class_list":["post-225","page","type-page","status-publish","hentry"],"yoast_head":"<!-- This site is optimized with the Yoast SEO plugin v26.9 - https:\/\/yoast.com\/product\/yoast-seo-wordpress\/ -->\n<title>Industrial, apartament cu un dormitor - Tci Apartments<\/title>\n<meta name=\"robots\" content=\"index, follow, max-snippet:-1, max-image-preview:large, max-video-preview:-1\" \/>\n<link rel=\"canonical\" href=\"https:\/\/www.tciapartments.ro\/ro\/apartamentele-noastre\/industrial-apartament-cu-un-dormitor\/\" \/>\n<meta property=\"og:locale\" content=\"ro_RO\" \/>\n<meta property=\"og:type\" content=\"article\" \/>\n<meta property=\"og:title\" content=\"Industrial, apartament cu un dormitor - Tci Apartments\" \/>\n<meta property=\"og:description\" content=\"Acest apartament \u00eembin\u0103 atractivitatea industrial\u0103 cu un design modern neted. Culorile folosite deriv\u0103 din paleta materiei prime folosite, \u00eentr-un mod subtil precum c\u0103r\u0103mida expus\u0103, betonul neted finisat, lemnul \u00een combinatie cu fier. \u00cen dormitor se afl\u0103 un pat de dimensiuni king, un dulap, un birou \u0219i un Smart TV. Camera de zi are balcon, o [&hellip;]\" \/>\n<meta property=\"og:url\" content=\"https:\/\/www.tciapartments.ro\/ro\/apartamentele-noastre\/industrial-apartament-cu-un-dormitor\/\" \/>\n<meta property=\"og:site_name\" content=\"Tci Apartments\" \/>\n<meta property=\"article:modified_time\" content=\"2020-05-11T08:16:00+00:00\" \/>\n<meta name=\"twitter:card\" content=\"summary_large_image\" \/>\n<meta name=\"twitter:label1\" content=\"Timp estimat pentru citire\" \/>\n\t<meta name=\"twitter:data1\" content=\"1 minut\" \/>\n<script type=\"application\/ld+json\" class=\"yoast-schema-graph\">{\"@context\":\"https:\/\/schema.org\",\"@graph\":[{\"@type\":\"WebPage\",\"@id\":\"https:\/\/www.tciapartments.ro\/ro\/apartamentele-noastre\/industrial-apartament-cu-un-dormitor\/\",\"url\":\"https:\/\/www.tciapartments.ro\/ro\/apartamentele-noastre\/industrial-apartament-cu-un-dormitor\/\",\"name\":\"Industrial, apartament cu un dormitor - Tci Apartments\",\"isPartOf\":{\"@id\":\"https:\/\/www.tciapartments.ro\/ro\/#website\"},\"datePublished\":\"2020-05-06T09:51:24+00:00\",\"dateModified\":\"2020-05-11T08:16:00+00:00\",\"breadcrumb\":{\"@id\":\"https:\/\/www.tciapartments.ro\/ro\/apartamentele-noastre\/industrial-apartament-cu-un-dormitor\/#breadcrumb\"},\"inLanguage\":\"ro-RO\",\"potentialAction\":[{\"@type\":\"ReadAction\",\"target\":[\"https:\/\/www.tciapartments.ro\/ro\/apartamentele-noastre\/industrial-apartament-cu-un-dormitor\/\"]}]},{\"@type\":\"BreadcrumbList\",\"@id\":\"https:\/\/www.tciapartments.ro\/ro\/apartamentele-noastre\/industrial-apartament-cu-un-dormitor\/#breadcrumb\",\"itemListElement\":[{\"@type\":\"ListItem\",\"position\":1,\"name\":\"Home\",\"item\":\"https:\/\/www.tciapartments.ro\/ro\/\"},{\"@type\":\"ListItem\",\"position\":2,\"name\":\"Apartamentele noastre\",\"item\":\"https:\/\/www.tciapartments.ro\/ro\/apartamentele-noastre\/\"},{\"@type\":\"ListItem\",\"position\":3,\"name\":\"Industrial, apartament cu un dormitor\"}]},{\"@type\":\"WebSite\",\"@id\":\"https:\/\/www.tciapartments.ro\/ro\/#website\",\"url\":\"https:\/\/www.tciapartments.ro\/ro\/\",\"name\":\"Tci Apartments\",\"description\":\"Just another ms.decms.eu site\",\"potentialAction\":[{\"@type\":\"SearchAction\",\"target\":{\"@type\":\"EntryPoint\",\"urlTemplate\":\"https:\/\/www.tciapartments.ro\/ro\/?s={search_term_string}\"},\"query-input\":{\"@type\":\"PropertyValueSpecification\",\"valueRequired\":true,\"valueName\":\"search_term_string\"}}],\"inLanguage\":\"ro-RO\"}]}<\/script>\n<!-- \/ Yoast SEO plugin. -->","yoast_head_json":{"title":"Industrial, apartament cu un dormitor - Tci Apartments","robots":{"index":"index","follow":"follow","max-snippet":"max-snippet:-1","max-image-preview":"max-image-preview:large","max-video-preview":"max-video-preview:-1"},"canonical":"https:\/\/www.tciapartments.ro\/ro\/apartamentele-noastre\/industrial-apartament-cu-un-dormitor\/","og_locale":"ro_RO","og_type":"article","og_title":"Industrial, apartament cu un dormitor - Tci Apartments","og_description":"Acest apartament \u00eembin\u0103 atractivitatea industrial\u0103 cu un design modern neted. Culorile folosite deriv\u0103 din paleta materiei prime folosite, \u00eentr-un mod subtil precum c\u0103r\u0103mida expus\u0103, betonul neted finisat, lemnul \u00een combinatie cu fier. \u00cen dormitor se afl\u0103 un pat de dimensiuni king, un dulap, un birou \u0219i un Smart TV. Camera de zi are balcon, o [&hellip;]","og_url":"https:\/\/www.tciapartments.ro\/ro\/apartamentele-noastre\/industrial-apartament-cu-un-dormitor\/","og_site_name":"Tci Apartments","article_modified_time":"2020-05-11T08:16:00+00:00","twitter_card":"summary_large_image","twitter_misc":{"Timp estimat pentru citire":"1 minut"},"schema":{"@context":"https:\/\/schema.org","@graph":[{"@type":"WebPage","@id":"https:\/\/www.tciapartments.ro\/ro\/apartamentele-noastre\/industrial-apartament-cu-un-dormitor\/","url":"https:\/\/www.tciapartments.ro\/ro\/apartamentele-noastre\/industrial-apartament-cu-un-dormitor\/","name":"Industrial, apartament cu un dormitor - Tci Apartments","isPartOf":{"@id":"https:\/\/www.tciapartments.ro\/ro\/#website"},"datePublished":"2020-05-06T09:51:24+00:00","dateModified":"2020-05-11T08:16:00+00:00","breadcrumb":{"@id":"https:\/\/www.tciapartments.ro\/ro\/apartamentele-noastre\/industrial-apartament-cu-un-dormitor\/#breadcrumb"},"inLanguage":"ro-RO","potentialAction":[{"@type":"ReadAction","target":["https:\/\/www.tciapartments.ro\/ro\/apartamentele-noastre\/industrial-apartament-cu-un-dormitor\/"]}]},{"@type":"BreadcrumbList","@id":"https:\/\/www.tciapartments.ro\/ro\/apartamentele-noastre\/industrial-apartament-cu-un-dormitor\/#breadcrumb","itemListElement":[{"@type":"ListItem","position":1,"name":"Home","item":"https:\/\/www.tciapartments.ro\/ro\/"},{"@type":"ListItem","position":2,"name":"Apartamentele noastre","item":"https:\/\/www.tciapartments.ro\/ro\/apartamentele-noastre\/"},{"@type":"ListItem","position":3,"name":"Industrial, apartament cu un dormitor"}]},{"@type":"WebSite","@id":"https:\/\/www.tciapartments.ro\/ro\/#website","url":"https:\/\/www.tciapartments.ro\/ro\/","name":"Tci Apartments","description":"Just another ms.decms.eu site","potentialAction":[{"@type":"SearchAction","target":{"@type":"EntryPoint","urlTemplate":"https:\/\/www.tciapartments.ro\/ro\/?s={search_term_string}"},"query-input":{"@type":"PropertyValueSpecification","valueRequired":true,"valueName":"search_term_string"}}],"inLanguage":"ro-RO"}]}},"acf":[],"_links":{"self":[{"href":"https:\/\/www.tciapartments.ro\/ro\/wp-json\/wp\/v2\/pages\/225","targetHints":{"allow":["GET"]}}],"collection":[{"href":"https:\/\/www.tciapartments.ro\/ro\/wp-json\/wp\/v2\/pages"}],"about":[{"href":"https:\/\/www.tciapartments.ro\/ro\/wp-json\/wp\/v2\/types\/page"}],"author":[{"embeddable":true,"href":"https:\/\/www.tciapartments.ro\/ro\/wp-json\/wp\/v2\/users\/36"}],"replies":[{"embeddable":true,"href":"https:\/\/www.tciapartments.ro\/ro\/wp-json\/wp\/v2\/comments?post=225"}],"version-history":[{"count":0,"href":"https:\/\/www.tciapartments.ro\/ro\/wp-json\/wp\/v2\/pages\/225\/revisions"}],"up":[{"embeddable":true,"href":"https:\/\/www.tciapartments.ro\/ro\/wp-json\/wp\/v2\/pages\/223"}],"wp:attachment":[{"href":"https:\/\/www.tciapartments.ro\/ro\/wp-json\/wp\/v2\/media?parent=225"}],"curies":[{"name":"wp","href":"https:\/\/api.w.org\/{rel}","templated":true}]}}