{"id":226,"date":"2020-05-06T09:52:24","date_gmt":"2020-05-06T09:52:24","guid":{"rendered":"http:\/\/tci-apartments.ms.decms.eu\/?page_id=226"},"modified":"2020-05-11T08:08:14","modified_gmt":"2020-05-11T08:08:14","slug":"aqua-marin-apartament-cu-un-dormitor","status":"publish","type":"page","link":"https:\/\/www.tciapartments.ro\/ro\/apartamentele-noastre\/aqua-marin-apartament-cu-un-dormitor\/","title":{"rendered":"Aqua-Marin, apartament cu un dormitor"},"content":{"rendered":"<p>Tema acestui apartament se reflecta \u00een accesoriile \u015fi culorile folosite pentru decorarea lui: <strong>albastru marin<\/strong> adesea asociat cu tot ceea ce este lini\u0219tit \u0219i<strong> calm<\/strong>: oceanul si cerul senin, alb \u015fi nisipiu.<\/p>\n<p>Dormitorul are un pat de dimensiuni king, dulap, birou \u0219i un Smart TV cu canale prin cablu. Camera de zi are o canapea extensibil\u0103 albastr\u0103, o mas\u0103 de cafea, telefon, Smart TV cu canale prin cablu. Buc\u0103t\u0103ria este complet utilat\u0103 cu vesel\u0103, vase, filtru de cafea, plit\u0103 \u015fi cuptor electric, frigider \u0219i ma\u0219in\u0103 de sp\u0103lat vase. Baia are du\u0219 si usc\u0103tor de p\u0103r. Faian\u0163a aleas\u0103 \u00een aceast\u0103 baie, ne duce cu g\u00e2ndul la concediu, nisip \u015fi mare. \u00cen apartament sunt prev\u0103zute articole de toalet\u0103, lenjerie \u0219i prosoape. Conexiunea la internet wireless este disponibil\u0103 \u00een apartament.<\/p>\n","protected":false},"excerpt":{"rendered":"<p>Tema acestui apartament se reflecta \u00een accesoriile \u015fi culorile folosite pentru decorarea lui: albastru marin adesea asociat cu tot ceea ce este lini\u0219tit \u0219i calm: oceanul si cerul senin, alb \u015fi nisipiu. Dormitorul are un pat de dimensiuni king, dulap, birou \u0219i un Smart TV cu canale prin cablu. Camera de zi are o canapea [&hellip;]<\/p>\n","protected":false},"author":36,"featured_media":0,"parent":223,"menu_order":15,"comment_status":"closed","ping_status":"closed","template":"template-single-room.php","meta":{"footnotes":""},"class_list":["post-226","page","type-page","status-publish","hentry"],"yoast_head":"<!-- This site is optimized with the Yoast SEO plugin v26.9 - https:\/\/yoast.com\/product\/yoast-seo-wordpress\/ -->\n<title>Aqua-Marin, apartament cu un dormitor - Tci Apartments<\/title>\n<meta name=\"robots\" content=\"index, follow, max-snippet:-1, max-image-preview:large, max-video-preview:-1\" \/>\n<link rel=\"canonical\" href=\"https:\/\/www.tciapartments.ro\/ro\/apartamentele-noastre\/aqua-marin-apartament-cu-un-dormitor\/\" \/>\n<meta property=\"og:locale\" content=\"ro_RO\" \/>\n<meta property=\"og:type\" content=\"article\" \/>\n<meta property=\"og:title\" content=\"Aqua-Marin, apartament cu un dormitor - Tci Apartments\" \/>\n<meta property=\"og:description\" content=\"Tema acestui apartament se reflecta \u00een accesoriile \u015fi culorile folosite pentru decorarea lui: albastru marin adesea asociat cu tot ceea ce este lini\u0219tit \u0219i calm: oceanul si cerul senin, alb \u015fi nisipiu. Dormitorul are un pat de dimensiuni king, dulap, birou \u0219i un Smart TV cu canale prin cablu. Camera de zi are o canapea [&hellip;]\" \/>\n<meta property=\"og:url\" content=\"https:\/\/www.tciapartments.ro\/ro\/apartamentele-noastre\/aqua-marin-apartament-cu-un-dormitor\/\" \/>\n<meta property=\"og:site_name\" content=\"Tci Apartments\" \/>\n<meta property=\"article:modified_time\" content=\"2020-05-11T08:08:14+00:00\" \/>\n<meta name=\"twitter:card\" content=\"summary_large_image\" \/>\n<meta name=\"twitter:label1\" content=\"Timp estimat pentru citire\" \/>\n\t<meta name=\"twitter:data1\" content=\"1 minut\" \/>\n<script type=\"application\/ld+json\" class=\"yoast-schema-graph\">{\"@context\":\"https:\/\/schema.org\",\"@graph\":[{\"@type\":\"WebPage\",\"@id\":\"https:\/\/www.tciapartments.ro\/ro\/apartamentele-noastre\/aqua-marin-apartament-cu-un-dormitor\/\",\"url\":\"https:\/\/www.tciapartments.ro\/ro\/apartamentele-noastre\/aqua-marin-apartament-cu-un-dormitor\/\",\"name\":\"Aqua-Marin, apartament cu un dormitor - Tci Apartments\",\"isPartOf\":{\"@id\":\"https:\/\/www.tciapartments.ro\/ro\/#website\"},\"datePublished\":\"2020-05-06T09:52:24+00:00\",\"dateModified\":\"2020-05-11T08:08:14+00:00\",\"breadcrumb\":{\"@id\":\"https:\/\/www.tciapartments.ro\/ro\/apartamentele-noastre\/aqua-marin-apartament-cu-un-dormitor\/#breadcrumb\"},\"inLanguage\":\"ro-RO\",\"potentialAction\":[{\"@type\":\"ReadAction\",\"target\":[\"https:\/\/www.tciapartments.ro\/ro\/apartamentele-noastre\/aqua-marin-apartament-cu-un-dormitor\/\"]}]},{\"@type\":\"BreadcrumbList\",\"@id\":\"https:\/\/www.tciapartments.ro\/ro\/apartamentele-noastre\/aqua-marin-apartament-cu-un-dormitor\/#breadcrumb\",\"itemListElement\":[{\"@type\":\"ListItem\",\"position\":1,\"name\":\"Home\",\"item\":\"https:\/\/www.tciapartments.ro\/ro\/\"},{\"@type\":\"ListItem\",\"position\":2,\"name\":\"Apartamentele noastre\",\"item\":\"https:\/\/www.tciapartments.ro\/ro\/apartamentele-noastre\/\"},{\"@type\":\"ListItem\",\"position\":3,\"name\":\"Aqua-Marin, apartament cu un dormitor\"}]},{\"@type\":\"WebSite\",\"@id\":\"https:\/\/www.tciapartments.ro\/ro\/#website\",\"url\":\"https:\/\/www.tciapartments.ro\/ro\/\",\"name\":\"Tci Apartments\",\"description\":\"Just another ms.decms.eu site\",\"potentialAction\":[{\"@type\":\"SearchAction\",\"target\":{\"@type\":\"EntryPoint\",\"urlTemplate\":\"https:\/\/www.tciapartments.ro\/ro\/?s={search_term_string}\"},\"query-input\":{\"@type\":\"PropertyValueSpecification\",\"valueRequired\":true,\"valueName\":\"search_term_string\"}}],\"inLanguage\":\"ro-RO\"}]}<\/script>\n<!-- \/ Yoast SEO plugin. -->","yoast_head_json":{"title":"Aqua-Marin, apartament cu un dormitor - Tci Apartments","robots":{"index":"index","follow":"follow","max-snippet":"max-snippet:-1","max-image-preview":"max-image-preview:large","max-video-preview":"max-video-preview:-1"},"canonical":"https:\/\/www.tciapartments.ro\/ro\/apartamentele-noastre\/aqua-marin-apartament-cu-un-dormitor\/","og_locale":"ro_RO","og_type":"article","og_title":"Aqua-Marin, apartament cu un dormitor - Tci Apartments","og_description":"Tema acestui apartament se reflecta \u00een accesoriile \u015fi culorile folosite pentru decorarea lui: albastru marin adesea asociat cu tot ceea ce este lini\u0219tit \u0219i calm: oceanul si cerul senin, alb \u015fi nisipiu. Dormitorul are un pat de dimensiuni king, dulap, birou \u0219i un Smart TV cu canale prin cablu. Camera de zi are o canapea [&hellip;]","og_url":"https:\/\/www.tciapartments.ro\/ro\/apartamentele-noastre\/aqua-marin-apartament-cu-un-dormitor\/","og_site_name":"Tci Apartments","article_modified_time":"2020-05-11T08:08:14+00:00","twitter_card":"summary_large_image","twitter_misc":{"Timp estimat pentru citire":"1 minut"},"schema":{"@context":"https:\/\/schema.org","@graph":[{"@type":"WebPage","@id":"https:\/\/www.tciapartments.ro\/ro\/apartamentele-noastre\/aqua-marin-apartament-cu-un-dormitor\/","url":"https:\/\/www.tciapartments.ro\/ro\/apartamentele-noastre\/aqua-marin-apartament-cu-un-dormitor\/","name":"Aqua-Marin, apartament cu un dormitor - Tci Apartments","isPartOf":{"@id":"https:\/\/www.tciapartments.ro\/ro\/#website"},"datePublished":"2020-05-06T09:52:24+00:00","dateModified":"2020-05-11T08:08:14+00:00","breadcrumb":{"@id":"https:\/\/www.tciapartments.ro\/ro\/apartamentele-noastre\/aqua-marin-apartament-cu-un-dormitor\/#breadcrumb"},"inLanguage":"ro-RO","potentialAction":[{"@type":"ReadAction","target":["https:\/\/www.tciapartments.ro\/ro\/apartamentele-noastre\/aqua-marin-apartament-cu-un-dormitor\/"]}]},{"@type":"BreadcrumbList","@id":"https:\/\/www.tciapartments.ro\/ro\/apartamentele-noastre\/aqua-marin-apartament-cu-un-dormitor\/#breadcrumb","itemListElement":[{"@type":"ListItem","position":1,"name":"Home","item":"https:\/\/www.tciapartments.ro\/ro\/"},{"@type":"ListItem","position":2,"name":"Apartamentele noastre","item":"https:\/\/www.tciapartments.ro\/ro\/apartamentele-noastre\/"},{"@type":"ListItem","position":3,"name":"Aqua-Marin, apartament cu un dormitor"}]},{"@type":"WebSite","@id":"https:\/\/www.tciapartments.ro\/ro\/#website","url":"https:\/\/www.tciapartments.ro\/ro\/","name":"Tci Apartments","description":"Just another ms.decms.eu site","potentialAction":[{"@type":"SearchAction","target":{"@type":"EntryPoint","urlTemplate":"https:\/\/www.tciapartments.ro\/ro\/?s={search_term_string}"},"query-input":{"@type":"PropertyValueSpecification","valueRequired":true,"valueName":"search_term_string"}}],"inLanguage":"ro-RO"}]}},"acf":[],"_links":{"self":[{"href":"https:\/\/www.tciapartments.ro\/ro\/wp-json\/wp\/v2\/pages\/226","targetHints":{"allow":["GET"]}}],"collection":[{"href":"https:\/\/www.tciapartments.ro\/ro\/wp-json\/wp\/v2\/pages"}],"about":[{"href":"https:\/\/www.tciapartments.ro\/ro\/wp-json\/wp\/v2\/types\/page"}],"author":[{"embeddable":true,"href":"https:\/\/www.tciapartments.ro\/ro\/wp-json\/wp\/v2\/users\/36"}],"replies":[{"embeddable":true,"href":"https:\/\/www.tciapartments.ro\/ro\/wp-json\/wp\/v2\/comments?post=226"}],"version-history":[{"count":0,"href":"https:\/\/www.tciapartments.ro\/ro\/wp-json\/wp\/v2\/pages\/226\/revisions"}],"up":[{"embeddable":true,"href":"https:\/\/www.tciapartments.ro\/ro\/wp-json\/wp\/v2\/pages\/223"}],"wp:attachment":[{"href":"https:\/\/www.tciapartments.ro\/ro\/wp-json\/wp\/v2\/media?parent=226"}],"curies":[{"name":"wp","href":"https:\/\/api.w.org\/{rel}","templated":true}]}}