{"id":233,"date":"2020-05-06T10:00:46","date_gmt":"2020-05-06T10:00:46","guid":{"rendered":"http:\/\/tci-apartments.ms.decms.eu\/?page_id=233"},"modified":"2020-05-13T12:01:51","modified_gmt":"2020-05-13T12:01:51","slug":"locatie","status":"publish","type":"page","link":"https:\/\/www.tciapartments.ro\/ro\/locatie\/","title":{"rendered":"Loca\u0163ie"},"content":{"rendered":"<p>TCI Apartments este u\u0219or accesibil indiferent dac\u0103 ajunge\u021bi cu avionul, trenul, autobuzul sau ma\u0219ina.<br \/>\n<strong>Situat \u00een cartierul M\u0103r\u0103\u0219ti<\/strong>, TCI Apartments are o loca\u021bie excelent\u0103 &#8211; aproape de sta\u0163ia de autobuz de peste drum, \u00een orice direc\u021bie:<\/p>\n<p>&#8211; Aeroportul \u201cAvram Iancu \u201c &#8211; 6 km;<br \/>\n&#8211; Centru &#8211; 3 km;<br \/>\n&#8211; Iulius Mall Shopping Center &#8211; 1.2 km;<br \/>\n&#8211; Parcul Iulius si lacul Gheorgheni &#8211; 850 metri;<br \/>\n&#8211; Facultatea de Stiinte Economice si gestiunea Afacerilor(FSEGA) &#8211; 700 metri;<br \/>\n&#8211; The Office Business Center &#8211; 1.2 km;<br \/>\n&#8211; autobuz direct la BT Arena\/Sala Polivalenta &#8211; 4.8 km;<br \/>\n&#8211; Castelul B\u00e1nffy, Bontida &#8211; 26 km.<\/p>\n<p>De la aeroportul \u201eAvram Iancu\u201d exist\u0103 linii de autobuz directe c\u0103tre proprietatea noastr\u0103. Linia 5, p\u00e2n\u0103 la sta\u021bia \u201eArte Plastice\u201d, la fiecare 10 minute. Pentru a ajunge \u00een centrul ora\u0219ului, precum \u015fi \u00een alte cartiere, din sta\u0163iile \u201cArte Plastice\u201d, \u201cMare\u015fal C-tin Prezan\u201d, \u201cDoroban\u0163ilor\u201d liniile 4, 6, 7, 24B, 25, 30.<br \/>\nPeste drum se afl\u0103 o sta\u0163ie Citybike Cluj.<\/p>\n","protected":false},"excerpt":{"rendered":"<p>TCI Apartments este u\u0219or accesibil indiferent dac\u0103 ajunge\u021bi cu avionul, trenul, autobuzul sau ma\u0219ina. Situat \u00een cartierul M\u0103r\u0103\u0219ti, TCI Apartments are o loca\u021bie excelent\u0103 &#8211; aproape de sta\u0163ia de autobuz de peste drum, \u00een orice direc\u021bie: &#8211; Aeroportul \u201cAvram Iancu \u201c &#8211; 6 km; &#8211; Centru &#8211; 3 km; &#8211; Iulius Mall Shopping Center &#8211; [&hellip;]<\/p>\n","protected":false},"author":36,"featured_media":0,"parent":0,"menu_order":60,"comment_status":"closed","ping_status":"closed","template":"template-location.php","meta":{"footnotes":""},"class_list":["post-233","page","type-page","status-publish","hentry"],"yoast_head":"<!-- This site is optimized with the Yoast SEO plugin v26.9 - https:\/\/yoast.com\/product\/yoast-seo-wordpress\/ -->\n<title>Loca\u0163ie - Tci Apartments<\/title>\n<meta name=\"robots\" content=\"index, follow, max-snippet:-1, max-image-preview:large, max-video-preview:-1\" \/>\n<link rel=\"canonical\" href=\"https:\/\/www.tciapartments.ro\/ro\/locatie\/\" \/>\n<meta property=\"og:locale\" content=\"ro_RO\" \/>\n<meta property=\"og:type\" content=\"article\" \/>\n<meta property=\"og:title\" content=\"Loca\u0163ie - Tci Apartments\" \/>\n<meta property=\"og:description\" content=\"TCI Apartments este u\u0219or accesibil indiferent dac\u0103 ajunge\u021bi cu avionul, trenul, autobuzul sau ma\u0219ina. Situat \u00een cartierul M\u0103r\u0103\u0219ti, TCI Apartments are o loca\u021bie excelent\u0103 &#8211; aproape de sta\u0163ia de autobuz de peste drum, \u00een orice direc\u021bie: &#8211; Aeroportul \u201cAvram Iancu \u201c &#8211; 6 km; &#8211; Centru &#8211; 3 km; &#8211; Iulius Mall Shopping Center &#8211; [&hellip;]\" \/>\n<meta property=\"og:url\" content=\"https:\/\/www.tciapartments.ro\/ro\/locatie\/\" \/>\n<meta property=\"og:site_name\" content=\"Tci Apartments\" \/>\n<meta property=\"article:modified_time\" content=\"2020-05-13T12:01:51+00:00\" \/>\n<meta name=\"twitter:card\" content=\"summary_large_image\" \/>\n<meta name=\"twitter:label1\" content=\"Timp estimat pentru citire\" \/>\n\t<meta name=\"twitter:data1\" content=\"1 minut\" \/>\n<script type=\"application\/ld+json\" class=\"yoast-schema-graph\">{\"@context\":\"https:\/\/schema.org\",\"@graph\":[{\"@type\":\"WebPage\",\"@id\":\"https:\/\/www.tciapartments.ro\/ro\/locatie\/\",\"url\":\"https:\/\/www.tciapartments.ro\/ro\/locatie\/\",\"name\":\"Loca\u0163ie - Tci Apartments\",\"isPartOf\":{\"@id\":\"https:\/\/www.tciapartments.ro\/ro\/#website\"},\"datePublished\":\"2020-05-06T10:00:46+00:00\",\"dateModified\":\"2020-05-13T12:01:51+00:00\",\"breadcrumb\":{\"@id\":\"https:\/\/www.tciapartments.ro\/ro\/locatie\/#breadcrumb\"},\"inLanguage\":\"ro-RO\",\"potentialAction\":[{\"@type\":\"ReadAction\",\"target\":[\"https:\/\/www.tciapartments.ro\/ro\/locatie\/\"]}]},{\"@type\":\"BreadcrumbList\",\"@id\":\"https:\/\/www.tciapartments.ro\/ro\/locatie\/#breadcrumb\",\"itemListElement\":[{\"@type\":\"ListItem\",\"position\":1,\"name\":\"Home\",\"item\":\"https:\/\/www.tciapartments.ro\/ro\/\"},{\"@type\":\"ListItem\",\"position\":2,\"name\":\"Loca\u0163ie\"}]},{\"@type\":\"WebSite\",\"@id\":\"https:\/\/www.tciapartments.ro\/ro\/#website\",\"url\":\"https:\/\/www.tciapartments.ro\/ro\/\",\"name\":\"Tci Apartments\",\"description\":\"Just another ms.decms.eu site\",\"potentialAction\":[{\"@type\":\"SearchAction\",\"target\":{\"@type\":\"EntryPoint\",\"urlTemplate\":\"https:\/\/www.tciapartments.ro\/ro\/?s={search_term_string}\"},\"query-input\":{\"@type\":\"PropertyValueSpecification\",\"valueRequired\":true,\"valueName\":\"search_term_string\"}}],\"inLanguage\":\"ro-RO\"}]}<\/script>\n<!-- \/ Yoast SEO plugin. -->","yoast_head_json":{"title":"Loca\u0163ie - Tci Apartments","robots":{"index":"index","follow":"follow","max-snippet":"max-snippet:-1","max-image-preview":"max-image-preview:large","max-video-preview":"max-video-preview:-1"},"canonical":"https:\/\/www.tciapartments.ro\/ro\/locatie\/","og_locale":"ro_RO","og_type":"article","og_title":"Loca\u0163ie - Tci Apartments","og_description":"TCI Apartments este u\u0219or accesibil indiferent dac\u0103 ajunge\u021bi cu avionul, trenul, autobuzul sau ma\u0219ina. Situat \u00een cartierul M\u0103r\u0103\u0219ti, TCI Apartments are o loca\u021bie excelent\u0103 &#8211; aproape de sta\u0163ia de autobuz de peste drum, \u00een orice direc\u021bie: &#8211; Aeroportul \u201cAvram Iancu \u201c &#8211; 6 km; &#8211; Centru &#8211; 3 km; &#8211; Iulius Mall Shopping Center &#8211; [&hellip;]","og_url":"https:\/\/www.tciapartments.ro\/ro\/locatie\/","og_site_name":"Tci Apartments","article_modified_time":"2020-05-13T12:01:51+00:00","twitter_card":"summary_large_image","twitter_misc":{"Timp estimat pentru citire":"1 minut"},"schema":{"@context":"https:\/\/schema.org","@graph":[{"@type":"WebPage","@id":"https:\/\/www.tciapartments.ro\/ro\/locatie\/","url":"https:\/\/www.tciapartments.ro\/ro\/locatie\/","name":"Loca\u0163ie - Tci Apartments","isPartOf":{"@id":"https:\/\/www.tciapartments.ro\/ro\/#website"},"datePublished":"2020-05-06T10:00:46+00:00","dateModified":"2020-05-13T12:01:51+00:00","breadcrumb":{"@id":"https:\/\/www.tciapartments.ro\/ro\/locatie\/#breadcrumb"},"inLanguage":"ro-RO","potentialAction":[{"@type":"ReadAction","target":["https:\/\/www.tciapartments.ro\/ro\/locatie\/"]}]},{"@type":"BreadcrumbList","@id":"https:\/\/www.tciapartments.ro\/ro\/locatie\/#breadcrumb","itemListElement":[{"@type":"ListItem","position":1,"name":"Home","item":"https:\/\/www.tciapartments.ro\/ro\/"},{"@type":"ListItem","position":2,"name":"Loca\u0163ie"}]},{"@type":"WebSite","@id":"https:\/\/www.tciapartments.ro\/ro\/#website","url":"https:\/\/www.tciapartments.ro\/ro\/","name":"Tci Apartments","description":"Just another ms.decms.eu site","potentialAction":[{"@type":"SearchAction","target":{"@type":"EntryPoint","urlTemplate":"https:\/\/www.tciapartments.ro\/ro\/?s={search_term_string}"},"query-input":{"@type":"PropertyValueSpecification","valueRequired":true,"valueName":"search_term_string"}}],"inLanguage":"ro-RO"}]}},"acf":[],"_links":{"self":[{"href":"https:\/\/www.tciapartments.ro\/ro\/wp-json\/wp\/v2\/pages\/233","targetHints":{"allow":["GET"]}}],"collection":[{"href":"https:\/\/www.tciapartments.ro\/ro\/wp-json\/wp\/v2\/pages"}],"about":[{"href":"https:\/\/www.tciapartments.ro\/ro\/wp-json\/wp\/v2\/types\/page"}],"author":[{"embeddable":true,"href":"https:\/\/www.tciapartments.ro\/ro\/wp-json\/wp\/v2\/users\/36"}],"replies":[{"embeddable":true,"href":"https:\/\/www.tciapartments.ro\/ro\/wp-json\/wp\/v2\/comments?post=233"}],"version-history":[{"count":0,"href":"https:\/\/www.tciapartments.ro\/ro\/wp-json\/wp\/v2\/pages\/233\/revisions"}],"wp:attachment":[{"href":"https:\/\/www.tciapartments.ro\/ro\/wp-json\/wp\/v2\/media?parent=233"}],"curies":[{"name":"wp","href":"https:\/\/api.w.org\/{rel}","templated":true}]}}