{"id":235,"date":"2020-05-06T10:03:51","date_gmt":"2020-05-06T10:03:51","guid":{"rendered":"http:\/\/tci-apartments.ms.decms.eu\/?page_id=235"},"modified":"2020-05-12T13:16:49","modified_gmt":"2020-05-12T13:16:49","slug":"contact","status":"publish","type":"page","link":"https:\/\/www.tciapartments.ro\/ro\/contact\/","title":{"rendered":"Contact"},"content":{"rendered":"<p>TCI Apartments ofer\u0103 cazare \u00een 30 de apartamente elegante, cu unul sau dou\u0103 dormitoare, o camer\u0103 de zi, buc\u0103t\u0103rie \u0219i balcon \/ teras\u0103, smart-TV-uri, repartizate pe \u0219ase etaje. Un concept cu cinci teme: muzical, industrial, marin, clasic \u0219i botanic. Dup\u0103 o zi agitat\u0103 \u00een ora\u0219, apartamenetele noastre complet utilate v\u0103 \u00eent\u00e2mpin\u0103 cu confortul, confiden\u021bialitatea \u0219i relaxarea de care ave\u0163i nevoie.<\/p>\n","protected":false},"excerpt":{"rendered":"<p>TCI Apartments ofer\u0103 cazare \u00een 30 de apartamente elegante, cu unul sau dou\u0103 dormitoare, o camer\u0103 de zi, buc\u0103t\u0103rie \u0219i balcon \/ teras\u0103, smart-TV-uri, repartizate pe \u0219ase etaje. Un concept cu cinci teme: muzical, industrial, marin, clasic \u0219i botanic. Dup\u0103 o zi agitat\u0103 \u00een ora\u0219, apartamenetele noastre complet utilate v\u0103 \u00eent\u00e2mpin\u0103 cu confortul, confiden\u021bialitatea \u0219i [&hellip;]<\/p>\n","protected":false},"author":36,"featured_media":0,"parent":0,"menu_order":70,"comment_status":"closed","ping_status":"closed","template":"template-contact-us.php","meta":{"footnotes":""},"class_list":["post-235","page","type-page","status-publish","hentry"],"yoast_head":"<!-- This site is optimized with the Yoast SEO plugin v26.9 - https:\/\/yoast.com\/product\/yoast-seo-wordpress\/ -->\n<title>Contact - Tci Apartments<\/title>\n<meta name=\"robots\" content=\"index, follow, max-snippet:-1, max-image-preview:large, max-video-preview:-1\" \/>\n<link rel=\"canonical\" href=\"https:\/\/www.tciapartments.ro\/ro\/contact\/\" \/>\n<meta property=\"og:locale\" content=\"ro_RO\" \/>\n<meta property=\"og:type\" content=\"article\" \/>\n<meta property=\"og:title\" content=\"Contact - Tci Apartments\" \/>\n<meta property=\"og:description\" content=\"TCI Apartments ofer\u0103 cazare \u00een 30 de apartamente elegante, cu unul sau dou\u0103 dormitoare, o camer\u0103 de zi, buc\u0103t\u0103rie \u0219i balcon \/ teras\u0103, smart-TV-uri, repartizate pe \u0219ase etaje. Un concept cu cinci teme: muzical, industrial, marin, clasic \u0219i botanic. Dup\u0103 o zi agitat\u0103 \u00een ora\u0219, apartamenetele noastre complet utilate v\u0103 \u00eent\u00e2mpin\u0103 cu confortul, confiden\u021bialitatea \u0219i [&hellip;]\" \/>\n<meta property=\"og:url\" content=\"https:\/\/www.tciapartments.ro\/ro\/contact\/\" \/>\n<meta property=\"og:site_name\" content=\"Tci Apartments\" \/>\n<meta property=\"article:modified_time\" content=\"2020-05-12T13:16:49+00:00\" \/>\n<meta name=\"twitter:card\" content=\"summary_large_image\" \/>\n<script type=\"application\/ld+json\" class=\"yoast-schema-graph\">{\"@context\":\"https:\/\/schema.org\",\"@graph\":[{\"@type\":\"WebPage\",\"@id\":\"https:\/\/www.tciapartments.ro\/ro\/contact\/\",\"url\":\"https:\/\/www.tciapartments.ro\/ro\/contact\/\",\"name\":\"Contact - Tci Apartments\",\"isPartOf\":{\"@id\":\"https:\/\/www.tciapartments.ro\/ro\/#website\"},\"datePublished\":\"2020-05-06T10:03:51+00:00\",\"dateModified\":\"2020-05-12T13:16:49+00:00\",\"breadcrumb\":{\"@id\":\"https:\/\/www.tciapartments.ro\/ro\/contact\/#breadcrumb\"},\"inLanguage\":\"ro-RO\",\"potentialAction\":[{\"@type\":\"ReadAction\",\"target\":[\"https:\/\/www.tciapartments.ro\/ro\/contact\/\"]}]},{\"@type\":\"BreadcrumbList\",\"@id\":\"https:\/\/www.tciapartments.ro\/ro\/contact\/#breadcrumb\",\"itemListElement\":[{\"@type\":\"ListItem\",\"position\":1,\"name\":\"Home\",\"item\":\"https:\/\/www.tciapartments.ro\/ro\/\"},{\"@type\":\"ListItem\",\"position\":2,\"name\":\"Contact\"}]},{\"@type\":\"WebSite\",\"@id\":\"https:\/\/www.tciapartments.ro\/ro\/#website\",\"url\":\"https:\/\/www.tciapartments.ro\/ro\/\",\"name\":\"Tci Apartments\",\"description\":\"Just another ms.decms.eu site\",\"potentialAction\":[{\"@type\":\"SearchAction\",\"target\":{\"@type\":\"EntryPoint\",\"urlTemplate\":\"https:\/\/www.tciapartments.ro\/ro\/?s={search_term_string}\"},\"query-input\":{\"@type\":\"PropertyValueSpecification\",\"valueRequired\":true,\"valueName\":\"search_term_string\"}}],\"inLanguage\":\"ro-RO\"}]}<\/script>\n<!-- \/ Yoast SEO plugin. -->","yoast_head_json":{"title":"Contact - Tci Apartments","robots":{"index":"index","follow":"follow","max-snippet":"max-snippet:-1","max-image-preview":"max-image-preview:large","max-video-preview":"max-video-preview:-1"},"canonical":"https:\/\/www.tciapartments.ro\/ro\/contact\/","og_locale":"ro_RO","og_type":"article","og_title":"Contact - Tci Apartments","og_description":"TCI Apartments ofer\u0103 cazare \u00een 30 de apartamente elegante, cu unul sau dou\u0103 dormitoare, o camer\u0103 de zi, buc\u0103t\u0103rie \u0219i balcon \/ teras\u0103, smart-TV-uri, repartizate pe \u0219ase etaje. Un concept cu cinci teme: muzical, industrial, marin, clasic \u0219i botanic. Dup\u0103 o zi agitat\u0103 \u00een ora\u0219, apartamenetele noastre complet utilate v\u0103 \u00eent\u00e2mpin\u0103 cu confortul, confiden\u021bialitatea \u0219i [&hellip;]","og_url":"https:\/\/www.tciapartments.ro\/ro\/contact\/","og_site_name":"Tci Apartments","article_modified_time":"2020-05-12T13:16:49+00:00","twitter_card":"summary_large_image","schema":{"@context":"https:\/\/schema.org","@graph":[{"@type":"WebPage","@id":"https:\/\/www.tciapartments.ro\/ro\/contact\/","url":"https:\/\/www.tciapartments.ro\/ro\/contact\/","name":"Contact - Tci Apartments","isPartOf":{"@id":"https:\/\/www.tciapartments.ro\/ro\/#website"},"datePublished":"2020-05-06T10:03:51+00:00","dateModified":"2020-05-12T13:16:49+00:00","breadcrumb":{"@id":"https:\/\/www.tciapartments.ro\/ro\/contact\/#breadcrumb"},"inLanguage":"ro-RO","potentialAction":[{"@type":"ReadAction","target":["https:\/\/www.tciapartments.ro\/ro\/contact\/"]}]},{"@type":"BreadcrumbList","@id":"https:\/\/www.tciapartments.ro\/ro\/contact\/#breadcrumb","itemListElement":[{"@type":"ListItem","position":1,"name":"Home","item":"https:\/\/www.tciapartments.ro\/ro\/"},{"@type":"ListItem","position":2,"name":"Contact"}]},{"@type":"WebSite","@id":"https:\/\/www.tciapartments.ro\/ro\/#website","url":"https:\/\/www.tciapartments.ro\/ro\/","name":"Tci Apartments","description":"Just another ms.decms.eu site","potentialAction":[{"@type":"SearchAction","target":{"@type":"EntryPoint","urlTemplate":"https:\/\/www.tciapartments.ro\/ro\/?s={search_term_string}"},"query-input":{"@type":"PropertyValueSpecification","valueRequired":true,"valueName":"search_term_string"}}],"inLanguage":"ro-RO"}]}},"acf":[],"_links":{"self":[{"href":"https:\/\/www.tciapartments.ro\/ro\/wp-json\/wp\/v2\/pages\/235","targetHints":{"allow":["GET"]}}],"collection":[{"href":"https:\/\/www.tciapartments.ro\/ro\/wp-json\/wp\/v2\/pages"}],"about":[{"href":"https:\/\/www.tciapartments.ro\/ro\/wp-json\/wp\/v2\/types\/page"}],"author":[{"embeddable":true,"href":"https:\/\/www.tciapartments.ro\/ro\/wp-json\/wp\/v2\/users\/36"}],"replies":[{"embeddable":true,"href":"https:\/\/www.tciapartments.ro\/ro\/wp-json\/wp\/v2\/comments?post=235"}],"version-history":[{"count":0,"href":"https:\/\/www.tciapartments.ro\/ro\/wp-json\/wp\/v2\/pages\/235\/revisions"}],"wp:attachment":[{"href":"https:\/\/www.tciapartments.ro\/ro\/wp-json\/wp\/v2\/media?parent=235"}],"curies":[{"name":"wp","href":"https:\/\/api.w.org\/{rel}","templated":true}]}}