{"id":5,"date":"2020-03-30T14:17:46","date_gmt":"2020-03-30T14:17:46","guid":{"rendered":"http:\/\/tci-apartments.ms.decms.eu\/?page_id=5"},"modified":"2024-04-01T06:42:09","modified_gmt":"2024-04-01T06:42:09","slug":"apart-hotel-apartamente-in-cluj-hotel-wifi-gratis-parcare-bucatarie-utilata-smart-tv-tichete-de-vacanta","status":"publish","type":"page","link":"https:\/\/www.tciapartments.ro\/ro\/","title":{"rendered":"Bine ati venit la TCI Apartments (Aparthotel)"},"content":{"rendered":"<p>Chiar dac\u0103 sunte\u021bi \u00een <strong>Cluj-Napoca<\/strong> pentru afaceri sau timp liber, suntem \u00eentr-o pozi\u021bie de pornire spre orice interes. Combin\u0103m standardele \u0219i facilit\u0103\u021bile unui hotel de 3 stele cu <strong>sentimentul, confortul \u0219i intimitatea casei personale<\/strong>.\u00a0 Acceptam tichete de vacanta!<\/p>\n<p><img loading=\"lazy\" decoding=\"async\" class=\" wp-image-343 alignleft\" src=\"https:\/\/www.tciapartments.ro\/wp-content\/uploads\/sites\/161\/2021\/12\/edenred.png\" alt=\"\" width=\"98\" height=\"116\" \/>\u00a0 \u00a0 <img loading=\"lazy\" decoding=\"async\" class=\"alignnone wp-image-444 \" src=\"https:\/\/www.tciapartments.ro\/wp-content\/uploads\/sites\/161\/2024\/04\/Pluxee.png\" alt=\"Tichete Pluxee\" width=\"130\" height=\"130\" srcset=\"https:\/\/www.tciapartments.ro\/wp-content\/uploads\/sites\/161\/2024\/04\/Pluxee.png 225w, https:\/\/www.tciapartments.ro\/wp-content\/uploads\/sites\/161\/2024\/04\/Pluxee-150x150.png 150w, https:\/\/www.tciapartments.ro\/wp-content\/uploads\/sites\/161\/2024\/04\/Pluxee-204x204.png 204w\" sizes=\"auto, (max-width: 130px) 100vw, 130px\" \/><img loading=\"lazy\" decoding=\"async\" class=\" wp-image-345 alignleft\" src=\"https:\/\/www.tciapartments.ro\/wp-content\/uploads\/sites\/161\/2021\/12\/Autocolant-VVE-01.28e5d460-275x300.jpg\" alt=\"\" width=\"116\" height=\"127\" srcset=\"https:\/\/www.tciapartments.ro\/wp-content\/uploads\/sites\/161\/2021\/12\/Autocolant-VVE-01.28e5d460-275x300.jpg 275w, https:\/\/www.tciapartments.ro\/wp-content\/uploads\/sites\/161\/2021\/12\/Autocolant-VVE-01.28e5d460-340x371.jpg 340w, https:\/\/www.tciapartments.ro\/wp-content\/uploads\/sites\/161\/2021\/12\/Autocolant-VVE-01.28e5d460-272x297.jpg 272w, https:\/\/www.tciapartments.ro\/wp-content\/uploads\/sites\/161\/2021\/12\/Autocolant-VVE-01.28e5d460-204x223.jpg 204w, https:\/\/www.tciapartments.ro\/wp-content\/uploads\/sites\/161\/2021\/12\/Autocolant-VVE-01.28e5d460.jpg 650w\" sizes=\"auto, (max-width: 116px) 100vw, 116px\" \/><\/p>\n<p>Indiferent dac\u0103 este o \u0219edere de scurt\u0103 sau de lung\u0103 durat\u0103 &#8211; TCI Apartments v\u0103 ofer\u0103 un sejur privat sau de afaceri confortabil \u00een Cluj-Napoca.<br \/>\nCele 30 de apartamente au <strong>5 tematici diferite: musical, industrial, marin, clasic \u015fi botanic<\/strong>. Oferim apartamente self-catering, complet mobilate, cu unul sau dou\u0103 dormitoare, living \u0219i baie cu usc\u0103tor de p\u0103r, televizoare smart \u015fi canale prin cablu, balcon sau teras\u0103. Wi-Fi gratuit este disponibil \u00een toate apartamentele.<\/p>\n<p>Buc\u0103t\u0103riile sunt complet echipate cu ma\u0219in\u0103 de sp\u0103lat vase, frigider, cuptor \u015fi plit\u0103 electric\u0103, filtru de cafea, tac\u00e2muri \u0219i ustensile. Oferim prosoape, lenjerii de pat \u0219i articole de toalet\u0103 gratuite. Aparthotelul de\u1e6dine <strong>parcare proprie subteran\u0103<\/strong>. \u00cen cazul ma\u015finilor mai \u00eenalte de 2.10 metri, parcarea este posbil\u0103 \u00een curtea interioar\u0103 din fa\u1e6da imobilului.<\/p>\n","protected":false},"excerpt":{"rendered":"<p>Chiar dac\u0103 sunte\u021bi \u00een Cluj-Napoca pentru afaceri sau timp liber, suntem \u00eentr-o pozi\u021bie de pornire spre orice interes. Combin\u0103m standardele \u0219i facilit\u0103\u021bile unui hotel de 3 stele cu sentimentul, confortul \u0219i intimitatea casei personale.\u00a0 Acceptam tichete de vacanta! \u00a0 \u00a0 Indiferent dac\u0103 este o \u0219edere de scurt\u0103 sau de lung\u0103 durat\u0103 &#8211; TCI Apartments v\u0103 [&hellip;]<\/p>\n","protected":false},"author":36,"featured_media":0,"parent":0,"menu_order":0,"comment_status":"closed","ping_status":"closed","template":"","meta":{"footnotes":""},"class_list":["post-5","page","type-page","status-publish","hentry"],"yoast_head":"<!-- This site is optimized with the Yoast SEO plugin v26.9 - https:\/\/yoast.com\/product\/yoast-seo-wordpress\/ -->\n<title>Bine ati venit la TCI Apartments (Aparthotel) - Tci Apartments<\/title>\n<meta name=\"description\" content=\"Apartamenet in regim hotelier, self check-in, hotel, acceptam tichete de vacanta, aproape de centru, de aeroport, zona usor accesibila cu transport public.\" \/>\n<meta name=\"robots\" content=\"index, follow, max-snippet:-1, max-image-preview:large, max-video-preview:-1\" \/>\n<link rel=\"canonical\" href=\"https:\/\/www.tciapartments.ro\/ro\/\" \/>\n<meta property=\"og:locale\" content=\"ro_RO\" \/>\n<meta property=\"og:type\" content=\"article\" \/>\n<meta property=\"og:title\" content=\"Bine ati venit la TCI Apartments (Aparthotel) - Tci Apartments\" \/>\n<meta property=\"og:description\" content=\"Apartamenet in regim hotelier, self check-in, hotel, acceptam tichete de vacanta, aproape de centru, de aeroport, zona usor accesibila cu transport public.\" \/>\n<meta property=\"og:url\" content=\"https:\/\/www.tciapartments.ro\/ro\/\" \/>\n<meta property=\"og:site_name\" content=\"Tci Apartments\" \/>\n<meta property=\"article:modified_time\" content=\"2024-04-01T06:42:09+00:00\" \/>\n<meta property=\"og:image\" content=\"https:\/\/www.tciapartments.ro\/wp-content\/uploads\/sites\/161\/2021\/12\/edenred.png\" \/>\n<meta name=\"twitter:card\" content=\"summary_large_image\" \/>\n<meta name=\"twitter:label1\" content=\"Timp estimat pentru citire\" \/>\n\t<meta name=\"twitter:data1\" content=\"2 minute\" \/>\n<script type=\"application\/ld+json\" class=\"yoast-schema-graph\">{\"@context\":\"https:\/\/schema.org\",\"@graph\":[{\"@type\":\"WebPage\",\"@id\":\"https:\/\/www.tciapartments.ro\/ro\/\",\"url\":\"https:\/\/www.tciapartments.ro\/ro\/\",\"name\":\"Bine ati venit la TCI Apartments (Aparthotel) - Tci Apartments\",\"isPartOf\":{\"@id\":\"https:\/\/www.tciapartments.ro\/ro\/#website\"},\"primaryImageOfPage\":{\"@id\":\"https:\/\/www.tciapartments.ro\/ro\/#primaryimage\"},\"image\":{\"@id\":\"https:\/\/www.tciapartments.ro\/ro\/#primaryimage\"},\"thumbnailUrl\":\"https:\/\/www.tciapartments.ro\/wp-content\/uploads\/sites\/161\/2021\/12\/edenred.png\",\"datePublished\":\"2020-03-30T14:17:46+00:00\",\"dateModified\":\"2024-04-01T06:42:09+00:00\",\"description\":\"Apartamenet in regim hotelier, self check-in, hotel, acceptam tichete de vacanta, aproape de centru, de aeroport, zona usor accesibila cu transport public.\",\"breadcrumb\":{\"@id\":\"https:\/\/www.tciapartments.ro\/ro\/#breadcrumb\"},\"inLanguage\":\"ro-RO\",\"potentialAction\":[{\"@type\":\"ReadAction\",\"target\":[\"https:\/\/www.tciapartments.ro\/ro\/\"]}]},{\"@type\":\"ImageObject\",\"inLanguage\":\"ro-RO\",\"@id\":\"https:\/\/www.tciapartments.ro\/ro\/#primaryimage\",\"url\":\"https:\/\/www.tciapartments.ro\/wp-content\/uploads\/sites\/161\/2021\/12\/edenred.png\",\"contentUrl\":\"https:\/\/www.tciapartments.ro\/wp-content\/uploads\/sites\/161\/2021\/12\/edenred.png\"},{\"@type\":\"BreadcrumbList\",\"@id\":\"https:\/\/www.tciapartments.ro\/ro\/#breadcrumb\",\"itemListElement\":[{\"@type\":\"ListItem\",\"position\":1,\"name\":\"Home\",\"item\":\"https:\/\/www.tciapartments.ro\/ro\/\"},{\"@type\":\"ListItem\",\"position\":2,\"name\":\"Bine ati venit la TCI Apartments (Aparthotel)\"}]},{\"@type\":\"WebSite\",\"@id\":\"https:\/\/www.tciapartments.ro\/ro\/#website\",\"url\":\"https:\/\/www.tciapartments.ro\/ro\/\",\"name\":\"Tci Apartments\",\"description\":\"Just another ms.decms.eu site\",\"potentialAction\":[{\"@type\":\"SearchAction\",\"target\":{\"@type\":\"EntryPoint\",\"urlTemplate\":\"https:\/\/www.tciapartments.ro\/ro\/?s={search_term_string}\"},\"query-input\":{\"@type\":\"PropertyValueSpecification\",\"valueRequired\":true,\"valueName\":\"search_term_string\"}}],\"inLanguage\":\"ro-RO\"}]}<\/script>\n<!-- \/ Yoast SEO plugin. -->","yoast_head_json":{"title":"Bine ati venit la TCI Apartments (Aparthotel) - Tci Apartments","description":"Apartamenet in regim hotelier, self check-in, hotel, acceptam tichete de vacanta, aproape de centru, de aeroport, zona usor accesibila cu transport public.","robots":{"index":"index","follow":"follow","max-snippet":"max-snippet:-1","max-image-preview":"max-image-preview:large","max-video-preview":"max-video-preview:-1"},"canonical":"https:\/\/www.tciapartments.ro\/ro\/","og_locale":"ro_RO","og_type":"article","og_title":"Bine ati venit la TCI Apartments (Aparthotel) - Tci Apartments","og_description":"Apartamenet in regim hotelier, self check-in, hotel, acceptam tichete de vacanta, aproape de centru, de aeroport, zona usor accesibila cu transport public.","og_url":"https:\/\/www.tciapartments.ro\/ro\/","og_site_name":"Tci Apartments","article_modified_time":"2024-04-01T06:42:09+00:00","og_image":[{"url":"https:\/\/www.tciapartments.ro\/wp-content\/uploads\/sites\/161\/2021\/12\/edenred.png","type":"","width":"","height":""}],"twitter_card":"summary_large_image","twitter_misc":{"Timp estimat pentru citire":"2 minute"},"schema":{"@context":"https:\/\/schema.org","@graph":[{"@type":"WebPage","@id":"https:\/\/www.tciapartments.ro\/ro\/","url":"https:\/\/www.tciapartments.ro\/ro\/","name":"Bine ati venit la TCI Apartments (Aparthotel) - Tci Apartments","isPartOf":{"@id":"https:\/\/www.tciapartments.ro\/ro\/#website"},"primaryImageOfPage":{"@id":"https:\/\/www.tciapartments.ro\/ro\/#primaryimage"},"image":{"@id":"https:\/\/www.tciapartments.ro\/ro\/#primaryimage"},"thumbnailUrl":"https:\/\/www.tciapartments.ro\/wp-content\/uploads\/sites\/161\/2021\/12\/edenred.png","datePublished":"2020-03-30T14:17:46+00:00","dateModified":"2024-04-01T06:42:09+00:00","description":"Apartamenet in regim hotelier, self check-in, hotel, acceptam tichete de vacanta, aproape de centru, de aeroport, zona usor accesibila cu transport public.","breadcrumb":{"@id":"https:\/\/www.tciapartments.ro\/ro\/#breadcrumb"},"inLanguage":"ro-RO","potentialAction":[{"@type":"ReadAction","target":["https:\/\/www.tciapartments.ro\/ro\/"]}]},{"@type":"ImageObject","inLanguage":"ro-RO","@id":"https:\/\/www.tciapartments.ro\/ro\/#primaryimage","url":"https:\/\/www.tciapartments.ro\/wp-content\/uploads\/sites\/161\/2021\/12\/edenred.png","contentUrl":"https:\/\/www.tciapartments.ro\/wp-content\/uploads\/sites\/161\/2021\/12\/edenred.png"},{"@type":"BreadcrumbList","@id":"https:\/\/www.tciapartments.ro\/ro\/#breadcrumb","itemListElement":[{"@type":"ListItem","position":1,"name":"Home","item":"https:\/\/www.tciapartments.ro\/ro\/"},{"@type":"ListItem","position":2,"name":"Bine ati venit la TCI Apartments (Aparthotel)"}]},{"@type":"WebSite","@id":"https:\/\/www.tciapartments.ro\/ro\/#website","url":"https:\/\/www.tciapartments.ro\/ro\/","name":"Tci Apartments","description":"Just another ms.decms.eu site","potentialAction":[{"@type":"SearchAction","target":{"@type":"EntryPoint","urlTemplate":"https:\/\/www.tciapartments.ro\/ro\/?s={search_term_string}"},"query-input":{"@type":"PropertyValueSpecification","valueRequired":true,"valueName":"search_term_string"}}],"inLanguage":"ro-RO"}]}},"acf":[],"_links":{"self":[{"href":"https:\/\/www.tciapartments.ro\/ro\/wp-json\/wp\/v2\/pages\/5","targetHints":{"allow":["GET"]}}],"collection":[{"href":"https:\/\/www.tciapartments.ro\/ro\/wp-json\/wp\/v2\/pages"}],"about":[{"href":"https:\/\/www.tciapartments.ro\/ro\/wp-json\/wp\/v2\/types\/page"}],"author":[{"embeddable":true,"href":"https:\/\/www.tciapartments.ro\/ro\/wp-json\/wp\/v2\/users\/36"}],"replies":[{"embeddable":true,"href":"https:\/\/www.tciapartments.ro\/ro\/wp-json\/wp\/v2\/comments?post=5"}],"version-history":[{"count":0,"href":"https:\/\/www.tciapartments.ro\/ro\/wp-json\/wp\/v2\/pages\/5\/revisions"}],"wp:attachment":[{"href":"https:\/\/www.tciapartments.ro\/ro\/wp-json\/wp\/v2\/media?parent=5"}],"curies":[{"name":"wp","href":"https:\/\/api.w.org\/{rel}","templated":true}]}}